{"id":2694,"date":"2017-11-09T15:50:42","date_gmt":"2017-11-09T14:50:42","guid":{"rendered":"http:\/\/altenstadt-zahnarzt.de\/?page_id=2694"},"modified":"2025-12-05T14:33:24","modified_gmt":"2025-12-05T13:33:24","slug":"impressum","status":"publish","type":"page","link":"https:\/\/altenstadt-zahnarzt.de\/en\/impressum\/","title":{"rendered":"LEGAL NOTICE"},"content":{"rendered":"<div id=\"pl-2694\"  class=\"panel-layout\" ><div id=\"pg-2694-0\"  class=\"panel-grid panel-has-style\" ><div class=\"divider-no-animation panel-row-style panel-row-style-for-2694-0\" ><div id=\"pgc-2694-0-0\"  class=\"panel-grid-cell\" ><div id=\"panel-2694-0-0-0\" class=\"so-panel widget widget_orion_empty_space_w panel-first-child\" data-index=\"0\" ><div class=\"orion default panel-widget-style panel-widget-style-for-2694-0-0-0\" ><div\n\t\t\t\n\t\t\tclass=\"so-widget-orion_empty_space_w so-widget-orion_empty_space_w-base\"\n\t\t\t\n\t\t>\t<div class=\"row empty-space visible-lg visible-md visible-sm visible-xs\" style=\"height:24px;\">\r\n\t<\/div><\/div><\/div><\/div><div id=\"panel-2694-0-0-1\" class=\"so-panel widget widget_orion_heading_w panel-last-child\" data-index=\"1\" ><div class=\"orion default panel-widget-style panel-widget-style-for-2694-0-0-1\" ><div\n\t\t\t\n\t\t\tclass=\"so-widget-orion_heading_w so-widget-orion_heading_w-base\"\n\t\t\t\n\t\t> \r\n\t\t\t<div class=\"row orion-heading\" style=\"margin-bottom:0px;\">\r\n\t\t<div class=\"col-md-12   text-left style-h1 style-text-default\">\r\n\t\t\t<h1 class=\"text-default\">\r\n\t\t\t\tLEGAL NOTICE\t\t\t<\/h1>\r\n\t\t<\/div>\r\n\t<\/div>\r\n\r\n\t<\/div><\/div><\/div><\/div><\/div><\/div><div id=\"pg-2694-1\"  class=\"panel-grid panel-has-style\" ><div class=\"divider-no-animation tablet-default mobile-1-in-row desktop-default panel-row-style panel-row-style-for-2694-1\" ><div id=\"pgc-2694-1-0\"  class=\"panel-grid-cell\" ><div id=\"panel-2694-1-0-0\" class=\"so-panel widget widget_text panel-first-child panel-last-child\" data-index=\"2\" ><div class=\"orion custom default panel-widget-style panel-widget-style-for-2694-1-0-0\" >\t\t\t<div class=\"textwidget\"><div class=\"wpb_text_column wpb_content_element\">\n<div class=\"wpb_wrapper\">\n<div data-canvas-width=\"224.88000000000002\"><b>LEGAL NOTICE<\/b><\/div>\n<div data-canvas-width=\"224.88000000000002\"><\/div>\n<div data-canvas-width=\"123.64799999999998\">Dr. Stefan M\u00fcrbeth<br \/>\nM.Sc. Parodontologie und Implantologie<\/div>\n<div data-canvas-width=\"106.14400000000002\">An den G\u00e4rten 1<\/div>\n<div data-canvas-width=\"110.96\">92665 Altenstadt<\/div>\n<div data-canvas-width=\"122.54400000000001\">Tel.: 09602 636663<\/div>\n<div data-canvas-width=\"121.88800000000003\">Fax: 09602 636664<\/div>\n<div data-canvas-width=\"180.592\">Mail: info@altenstadt-zahnarzt.de<\/div>\n<div data-canvas-width=\"127.40800000000002\">http: www.altenstadt-zahnarzt.de<\/div>\n<div data-canvas-width=\"127.40800000000002\"><\/div>\n<div data-canvas-width=\"127.392\"><strong>Berufsbezeichnung:<\/strong> DENTIST<\/div>\n<div data-canvas-width=\"81.792\"><strong>Verliehen in:<\/strong> Bundesrepublik Deutschland<\/div>\n<div data-canvas-width=\"81.792\"><\/div>\n<div data-canvas-width=\"192.03199999999998\"><strong>Zust\u00e4ndige Aufsichtsbeh\u00f6rde:<\/strong><\/div>\n<div data-canvas-width=\"306.496\">Kassenzahn\u00e4rztliche Vereinigung Bayern (KZVB)<\/div>\n<div data-canvas-width=\"82.304\">Fallstra\u00dfe 34<\/div>\n<div data-canvas-width=\"106\">81369 M\u00fcnchen<\/div>\n<div data-canvas-width=\"106\"><\/div>\n<div data-canvas-width=\"133.248\"><strong>Zust\u00e4ndige Kammer:<\/strong><\/div>\n<div data-canvas-width=\"235.23199999999997\">\n<div>Bayerische Landeszahn\u00e4rztekammer<\/div>\n<div>Fl\u00f6\u00dfergasse 1<\/div>\n<div>81369 M\u00fcnchen<\/div>\n<\/div>\n<div data-canvas-width=\"106\"><\/div>\n<div data-canvas-width=\"189.248\">Berufsrechtliche Regelungen:<\/div>\n<div>\uf0b7 Zahnheilkundegesetz<\/div>\n<div>\uf0b7 Heilberufe- Kammergesetz<\/div>\n<div>\uf0b7 Geb\u00fchrenordnung f\u00fcr Zahn\u00e4rzte<\/div>\n<div>\uf0b7 Berufsordnung f\u00fcr die Bayerischen Zahn\u00e4rzte<\/div>\n<div data-canvas-width=\"558.1919999999998\">Nachzulesen auf der Website der Bayerischen Landeszahn\u00e4rztekammer (www.blzk.de)<\/div>\n<\/div>\n<\/div>\n<div class=\"wpb_text_column wpb_content_element\">\n<div class=\"wpb_wrapper\">\n<p><strong>Haftungsausschluss (Disclaimer)<\/strong><br \/>\nHaftung f\u00fcr Inhalte<\/p>\n<p>Als Diensteanbieter sind wir f\u00fcr eigene Inhalte auf diesen Seiten nach den allgemeinen Gesetzen verantwortlich. Wir sind als Diensteanbieter jedoch nicht verpflichtet, \u00fcbermittelte oder gespeicherte fremde Informationen zu \u00fcberwachen oder nach Umst\u00e4nden zu forschen, die auf eine rechtswidrige T\u00e4tigkeit hinweisen. Verpflichtungen zur Entfernung oder Sperrung der Nutzung von Informationen nach den allgemeinen Gesetzen bleiben hiervon unber\u00fchrt. Eine diesbez\u00fcgliche Haftung ist jedoch erst ab dem Zeitpunkt der Kenntnis einer konkreten Rechtsverletzung m\u00f6glich. Bei Bekanntwerden von entsprechenden Rechtsverletzungen werden wir diese Inhalte umgehend entfernen.<\/p>\n<p>Haftung f\u00fcr Links<\/p>\n<p>Unser Angebot enth\u00e4lt Links zu externen Webseiten Dritter, auf deren Inhalte wir keinen Einfluss haben. Deshalb k\u00f6nnen wir f\u00fcr diese fremden Inhalte auch keine Gew\u00e4hr \u00fcbernehmen. F\u00fcr die Inhalte der verlinkten Seiten ist stets der jeweilige Anbieter oder Betreiber der Seiten verantwortlich. Die verlinkten Seiten wurden zum Zeitpunkt der Verlinkung auf m\u00f6gliche Rechtsverst\u00f6\u00dfe \u00fcberpr\u00fcft. Rechtswidrige Inhalte waren zum Zeitpunkt der Verlinkung nicht erkennbar. Eine permanente inhaltliche Kontrolle der verlinkten Seiten ist jedoch ohne konkrete Anhaltspunkte einer Rechtsverletzung nicht zumutbar. Bei Bekanntwerden von Rechtsverletzungen werden wir derartige Links umgehend entfernen.<\/p>\n<p>Urheberrecht<\/p>\n<p>Die durch die Seitenbetreiber erstellten Inhalte und Werke auf diesen Seiten unterliegen dem deutschen Urheberrecht. Die Vervielf\u00e4ltigung, Bearbeitung, Verbreitung und jede Art der Verwertung au\u00dferhalb der Grenzen des Urheberrechtes bed\u00fcrfen der schriftlichen Zustimmung des jeweiligen Autors bzw. Erstellers.<\/p>\n<\/div>\n<\/div>\n<\/div>\n\t\t<\/div><\/div><\/div><\/div><\/div><\/div>","protected":false},"excerpt":{"rendered":"<p>Impressum Dr. Stefan M\u00fcrbeth M.Sc. Parodontologie und Implantologie An den G\u00e4rten 1 92665 Altenstadt Tel.: 09602 636663 Fax: 09602 636664 Mail: info@altenstadt-zahnarzt.de http: www.altenstadt-zahnarzt.de Berufsbezeichnung: Zahnarzt Verliehen in: Bundesrepublik Deutschland Zust\u00e4ndige Aufsichtsbeh\u00f6rde: Kassenzahn\u00e4rztliche Vereinigung Bayern (KZVB) Fallstra\u00dfe 34 81369 M\u00fcnchen Zust\u00e4ndige Kammer: Bayerische Landeszahn\u00e4rztekammer Fl\u00f6\u00dfergasse 1 81369 M\u00fcnchen Berufsrechtliche Regelungen: \uf0b7 Zahnheilkundegesetz \uf0b7 Heilberufe- Kammergesetz<\/p>","protected":false},"author":1,"featured_media":0,"parent":0,"menu_order":0,"comment_status":"closed","ping_status":"closed","template":"","meta":{"footnotes":""},"class_list":["post-2694","page","type-page","status-publish","hentry"],"yoast_head":"<!-- This site is optimized with the Yoast SEO plugin v27.1.1 - https:\/\/yoast.com\/product\/yoast-seo-wordpress\/ -->\n<title>Impressum - Altenstadt Zahnarzt<\/title>\n<meta name=\"robots\" content=\"index, follow, max-snippet:-1, max-image-preview:large, max-video-preview:-1\" \/>\n<link rel=\"canonical\" href=\"https:\/\/altenstadt-zahnarzt.de\/en\/impressum\/\" \/>\n<meta property=\"og:locale\" content=\"en_GB\" \/>\n<meta property=\"og:type\" content=\"article\" \/>\n<meta property=\"og:title\" content=\"Impressum - Altenstadt Zahnarzt\" \/>\n<meta property=\"og:description\" content=\"Impressum Dr. Stefan M\u00fcrbeth M.Sc. Parodontologie und Implantologie An den G\u00e4rten 1 92665 Altenstadt Tel.: 09602 636663 Fax: 09602 636664 Mail: info@altenstadt-zahnarzt.de http: www.altenstadt-zahnarzt.de Berufsbezeichnung: Zahnarzt Verliehen in: Bundesrepublik Deutschland Zust\u00e4ndige Aufsichtsbeh\u00f6rde: Kassenzahn\u00e4rztliche Vereinigung Bayern (KZVB) Fallstra\u00dfe 34 81369 M\u00fcnchen Zust\u00e4ndige Kammer: Bayerische Landeszahn\u00e4rztekammer Fl\u00f6\u00dfergasse 1 81369 M\u00fcnchen Berufsrechtliche Regelungen: \uf0b7 Zahnheilkundegesetz \uf0b7 Heilberufe- Kammergesetz\" \/>\n<meta property=\"og:url\" content=\"https:\/\/altenstadt-zahnarzt.de\/en\/impressum\/\" \/>\n<meta property=\"og:site_name\" content=\"Altenstadt Zahnarzt\" \/>\n<meta property=\"article:modified_time\" content=\"2025-12-05T13:33:24+00:00\" \/>\n<meta name=\"twitter:card\" content=\"summary_large_image\" \/>\n<meta name=\"twitter:label1\" content=\"Estimated reading time\" \/>\n\t<meta name=\"twitter:data1\" content=\"2 minutes\" \/>\n<script type=\"application\/ld+json\" class=\"yoast-schema-graph\">{\"@context\":\"https:\/\/schema.org\",\"@graph\":[{\"@type\":\"WebPage\",\"@id\":\"https:\/\/altenstadt-zahnarzt.de\/impressum\/\",\"url\":\"https:\/\/altenstadt-zahnarzt.de\/impressum\/\",\"name\":\"Impressum - Altenstadt Zahnarzt\",\"isPartOf\":{\"@id\":\"https:\/\/altenstadt-zahnarzt.de\/de_de\/#website\"},\"datePublished\":\"2017-11-09T14:50:42+00:00\",\"dateModified\":\"2025-12-05T13:33:24+00:00\",\"breadcrumb\":{\"@id\":\"https:\/\/altenstadt-zahnarzt.de\/impressum\/#breadcrumb\"},\"inLanguage\":\"en-GB\",\"potentialAction\":[{\"@type\":\"ReadAction\",\"target\":[\"https:\/\/altenstadt-zahnarzt.de\/impressum\/\"]}]},{\"@type\":\"BreadcrumbList\",\"@id\":\"https:\/\/altenstadt-zahnarzt.de\/impressum\/#breadcrumb\",\"itemListElement\":[{\"@type\":\"ListItem\",\"position\":1,\"name\":\"Startseite\",\"item\":\"https:\/\/altenstadt-zahnarzt.de\/\"},{\"@type\":\"ListItem\",\"position\":2,\"name\":\"Impressum\"}]},{\"@type\":\"WebSite\",\"@id\":\"https:\/\/altenstadt-zahnarzt.de\/de_de\/#website\",\"url\":\"https:\/\/altenstadt-zahnarzt.de\/de_de\/\",\"name\":\"Altenstadt Zahnarzt\",\"description\":\"Praxis M\u00fcrbeth\",\"potentialAction\":[{\"@type\":\"SearchAction\",\"target\":{\"@type\":\"EntryPoint\",\"urlTemplate\":\"https:\/\/altenstadt-zahnarzt.de\/de_de\/?s={search_term_string}\"},\"query-input\":{\"@type\":\"PropertyValueSpecification\",\"valueRequired\":true,\"valueName\":\"search_term_string\"}}],\"inLanguage\":\"en-GB\"}]}<\/script>\n<!-- \/ Yoast SEO plugin. -->","yoast_head_json":{"title":"Impressum - Altenstadt Zahnarzt","robots":{"index":"index","follow":"follow","max-snippet":"max-snippet:-1","max-image-preview":"max-image-preview:large","max-video-preview":"max-video-preview:-1"},"canonical":"https:\/\/altenstadt-zahnarzt.de\/en\/impressum\/","og_locale":"en_GB","og_type":"article","og_title":"Impressum - Altenstadt Zahnarzt","og_description":"Impressum Dr. Stefan M\u00fcrbeth M.Sc. Parodontologie und Implantologie An den G\u00e4rten 1 92665 Altenstadt Tel.: 09602 636663 Fax: 09602 636664 Mail: info@altenstadt-zahnarzt.de http: www.altenstadt-zahnarzt.de Berufsbezeichnung: Zahnarzt Verliehen in: Bundesrepublik Deutschland Zust\u00e4ndige Aufsichtsbeh\u00f6rde: Kassenzahn\u00e4rztliche Vereinigung Bayern (KZVB) Fallstra\u00dfe 34 81369 M\u00fcnchen Zust\u00e4ndige Kammer: Bayerische Landeszahn\u00e4rztekammer Fl\u00f6\u00dfergasse 1 81369 M\u00fcnchen Berufsrechtliche Regelungen: \uf0b7 Zahnheilkundegesetz \uf0b7 Heilberufe- Kammergesetz","og_url":"https:\/\/altenstadt-zahnarzt.de\/en\/impressum\/","og_site_name":"Altenstadt Zahnarzt","article_modified_time":"2025-12-05T13:33:24+00:00","twitter_card":"summary_large_image","twitter_misc":{"Estimated reading time":"2 minutes"},"schema":{"@context":"https:\/\/schema.org","@graph":[{"@type":"WebPage","@id":"https:\/\/altenstadt-zahnarzt.de\/impressum\/","url":"https:\/\/altenstadt-zahnarzt.de\/impressum\/","name":"Impressum - Altenstadt Zahnarzt","isPartOf":{"@id":"https:\/\/altenstadt-zahnarzt.de\/de_de\/#website"},"datePublished":"2017-11-09T14:50:42+00:00","dateModified":"2025-12-05T13:33:24+00:00","breadcrumb":{"@id":"https:\/\/altenstadt-zahnarzt.de\/impressum\/#breadcrumb"},"inLanguage":"en-GB","potentialAction":[{"@type":"ReadAction","target":["https:\/\/altenstadt-zahnarzt.de\/impressum\/"]}]},{"@type":"BreadcrumbList","@id":"https:\/\/altenstadt-zahnarzt.de\/impressum\/#breadcrumb","itemListElement":[{"@type":"ListItem","position":1,"name":"Startseite","item":"https:\/\/altenstadt-zahnarzt.de\/"},{"@type":"ListItem","position":2,"name":"Impressum"}]},{"@type":"WebSite","@id":"https:\/\/altenstadt-zahnarzt.de\/de_de\/#website","url":"https:\/\/altenstadt-zahnarzt.de\/de_de\/","name":"Altenstadt Zahnarzt","description":"Praxis M\u00fcrbeth","potentialAction":[{"@type":"SearchAction","target":{"@type":"EntryPoint","urlTemplate":"https:\/\/altenstadt-zahnarzt.de\/de_de\/?s={search_term_string}"},"query-input":{"@type":"PropertyValueSpecification","valueRequired":true,"valueName":"search_term_string"}}],"inLanguage":"en-GB"}]}},"_links":{"self":[{"href":"https:\/\/altenstadt-zahnarzt.de\/en\/wp-json\/wp\/v2\/pages\/2694","targetHints":{"allow":["GET"]}}],"collection":[{"href":"https:\/\/altenstadt-zahnarzt.de\/en\/wp-json\/wp\/v2\/pages"}],"about":[{"href":"https:\/\/altenstadt-zahnarzt.de\/en\/wp-json\/wp\/v2\/types\/page"}],"author":[{"embeddable":true,"href":"https:\/\/altenstadt-zahnarzt.de\/en\/wp-json\/wp\/v2\/users\/1"}],"replies":[{"embeddable":true,"href":"https:\/\/altenstadt-zahnarzt.de\/en\/wp-json\/wp\/v2\/comments?post=2694"}],"version-history":[{"count":2,"href":"https:\/\/altenstadt-zahnarzt.de\/en\/wp-json\/wp\/v2\/pages\/2694\/revisions"}],"predecessor-version":[{"id":3936,"href":"https:\/\/altenstadt-zahnarzt.de\/en\/wp-json\/wp\/v2\/pages\/2694\/revisions\/3936"}],"wp:attachment":[{"href":"https:\/\/altenstadt-zahnarzt.de\/en\/wp-json\/wp\/v2\/media?parent=2694"}],"curies":[{"name":"wp","href":"https:\/\/api.w.org\/{rel}","templated":true}]}}