{"id":2165,"date":"2017-05-19T13:48:01","date_gmt":"2017-05-19T13:48:01","guid":{"rendered":"http:\/\/dentalia.orionthemes.com\/new-demos\/demo-1\/?page_id=2165"},"modified":"2019-06-14T14:52:15","modified_gmt":"2019-06-14T12:52:15","slug":"team","status":"publish","type":"page","link":"https:\/\/altenstadt-zahnarzt.de\/en\/team\/","title":{"rendered":"Team"},"content":{"rendered":"<div id=\"pl-2165\"  class=\"panel-layout\" ><div id=\"pg-2165-0\"  class=\"panel-grid panel-has-style\" ><div class=\"siteorigin-panels-stretch orion-separator bottom-svg-3 bottom-svg-inside divider-no-animation tablet-1-in-row mobile-1-in-row desktop-default overlay-c1-t panel-row-style panel-row-style-for-2165-0\" data-stretch-type=\"full\" ><div id=\"pgc-2165-0-0\"  class=\"panel-grid-cell\" ><div id=\"panel-2165-0-0-0\" class=\"so-panel widget widget_orion_heading_w panel-first-child\" data-index=\"0\" ><div class=\"orion mobile-text-center default panel-widget-style panel-widget-style-for-2165-0-0-0\" ><div\n\t\t\t\n\t\t\tclass=\"so-widget-orion_heading_w so-widget-orion_heading_w-base\"\n\t\t\t\n\t\t> \r\n\t\t\t<div class=\"row orion-heading\" style=\"margin-bottom:0px;\">\r\n\t\t<div class=\"col-md-12   text-left style-h1 style-text-light\">\r\n\t\t\t<h1 class=\"text-light\">\r\n\t\t\t\t<strong>Our team<\/strong>\t\t\t<\/h1>\r\n\t\t<\/div>\r\n\t<\/div>\r\n\r\n\t<\/div><\/div><\/div><div id=\"panel-2165-0-0-1\" class=\"so-panel widget widget_sow-editor\" data-index=\"1\" ><div class=\"orion mobile-text-center text-light panel-widget-style panel-widget-style-for-2165-0-0-1\" ><div\n\t\t\t\n\t\t\tclass=\"so-widget-sow-editor so-widget-sow-editor-base\"\n\t\t\t\n\t\t>\n<div class=\"siteorigin-widget-tinymce textwidget\">\n\t<div data-canvas-width=\"603.2159999999998\">Our friendly team will introduce themselves and await you in the pleasant atmosphere of\nour practice. We will take the time we need for your treatment and make every effort to\nachieve optimal treatment results. All of our employees are trained and experienced.<\/div>\n<\/div>\n<\/div><\/div><\/div><div id=\"panel-2165-0-0-2\" class=\"so-panel widget widget_orion_empty_space_w panel-last-child\" data-index=\"2\" ><div class=\"orion default panel-widget-style panel-widget-style-for-2165-0-0-2\" ><div\n\t\t\t\n\t\t\tclass=\"so-widget-orion_empty_space_w so-widget-orion_empty_space_w-base\"\n\t\t\t\n\t\t>\t<div class=\"row empty-space visible-sm visible-xs\" style=\"height:24px;\">\r\n\t<\/div><\/div><\/div><\/div><\/div><div id=\"pgc-2165-0-1\"  class=\"panel-grid-cell\" ><div id=\"panel-2165-0-1-0\" class=\"so-panel widget widget_orion_image_w panel-first-child panel-last-child\" data-index=\"3\" ><div class=\"orion default panel-widget-style panel-widget-style-for-2165-0-1-0\" ><div\n\t\t\t\n\t\t\tclass=\"so-widget-orion_image_w so-widget-orion_image_w-base\"\n\t\t\t\n\t\t>\r\n<div class=\"image-w relative\">\r\n\r\n\t\t\t\t\t\t\t<div class=\"orion_carousel overlay-none overlay-hover-none\">\r\n\t\t\r\n\t\t\t\t\t<img decoding=\"async\" width=\"750\" height=\"500\" src=\"https:\/\/altenstadt-zahnarzt.de\/wp-content\/uploads\/2017\/10\/praxis-1-750x500.png\" class=\"attachment-orion_carousel size-orion_carousel\" alt=\"\" \/>\t\t\t<div class=\"overlay\"><\/div>\r\n\t\t\r\n\t\t\t\t\t<\/div>\r\n\t\t\t\r\n\t\r\n\t<div class=\"absolute\">\r\n\t\t<div class=\"hover-desc table-wrap\">\r\n\t\t\t<div class=\"cell-wrap\">\r\n\t\t\t\t<h4 class=\"text-light\"><\/h4>\r\n\t\t\t<\/div>\r\n\t\t<\/div>\r\n\t<\/div>\t\t\t\t\t\r\n<\/div>\r\n\r\n<\/div><\/div><\/div><\/div><\/div><\/div><div id=\"pg-2165-1\"  class=\"panel-grid panel-has-style\" ><div class=\"divider-no-animation tablet-default mobile-1-in-row desktop-default panel-row-style panel-row-style-for-2165-1\" ><div id=\"pgc-2165-1-0\"  class=\"panel-grid-cell\" ><div id=\"panel-2165-1-0-0\" class=\"so-panel widget widget_orion_team_w panel-first-child panel-last-child\" data-index=\"4\" ><div class=\"orion default panel-widget-style panel-widget-style-for-2165-1-0-0\" ><div\n\t\t\t\n\t\t\tclass=\"so-widget-orion_team_w so-widget-orion_team_w-base\"\n\t\t\t\n\t\t><div class=\"row team-members grid top-nav\">\r\n\r\n<div class=\"wrapper\">\r\n\r\n\t\r\n\t\t\t\t\t\t\t<article class=\"item col-md-3 col-sm-6\">\r\n\t\t\t<div class=\"wrap\" style=\"background-color: transparent\">\r\n\t\t\t\t<header class=\"entry-header\" >\r\n\t\t\t\t\t\t\t\t\t\t\t\t\t\t\t\t<a href=\"https:\/\/altenstadt-zahnarzt.de\/en\/team-member\/stefan-muerbeth\/\" class=\"image-wrap overlay-none overlay-hover-black scale-zoomout orion_square\">\r\n\t\t\t\t\t\t\t\t\t\t\t\t\t\t\t<img decoding=\"async\" width=\"750\" height=\"750\" src=\"https:\/\/altenstadt-zahnarzt.de\/wp-content\/uploads\/2016\/09\/DrStefanMuerbeth-750x750.jpg\" class=\"attachment-orion_square size-orion_square wp-post-image\" alt=\"\" \/>\t\t\t\t\t\t\t\t<div class=\"overlay\"><\/div>\r\n\t\t\t\t\t\t\t\t\t\t\t\t\t<\/a>\r\n\t\t\t\t\t\t\t\t\t\t\t\r\n\t\t\t\t<\/header>\t\r\n\t\t\t<div class=\"entry-content vcard  no_bg_color no_border\">\r\n\t\t\t\t<div class=\"basic-info\">\r\n\t\t\t\t\t \r\n\t\t\t\t\t\t<div class=\"departments\">\t\r\n\t\t\t\t\t\t\t \r\n\t\t\t\t\t\t        \t\t\t\t\t\t        \t\t\t\t\t\t\t\t\t\t\r\n\t\t\t\t\t\t\t\t<a class=\"font-3 small category primary-hover primary-color\" href=\"https:\/\/altenstadt-zahnarzt.de\/en\/department\/zahnarzt\/\">DENTIST<\/a>\r\n\t\t\t\t\t\t        \t\t\t\t\t\t\t\t\t\t\t\t    <\/div>\t\r\n\t\t\t\t    \r\n\t\t\t\t    \t\t\t\t\t\t<a title=\"Dr. med. dent. Stefan M\u00fcrbeth\" class=\"primary-hover\" href=\"https:\/\/altenstadt-zahnarzt.de\/en\/team-member\/stefan-muerbeth\/\"> <h2 class=\"item-title h5\"> Dr. med. dent. Stefan M\u00fcrbeth<\/h2>\r\n\t\t\t\t\t\t<\/a>\r\n\t\t\t\t\t\t\t\t\t\r\n\t\t\t\t\t\t\t\t\t\t\r\n\t\t\t\t\t\t\t\t\t<\/div> \r\n\r\n\t\t\t\t\t\r\n\t\t\t<\/div>\r\n\t\t<\/div>\r\n\t\t<\/article>\r\n\t\t\t\t\t\t\t<article class=\"item col-md-3 col-sm-6\">\r\n\t\t\t<div class=\"wrap\" style=\"background-color: transparent\">\r\n\t\t\t\t<header class=\"entry-header\" >\r\n\t\t\t\t\t\t\t\t\t\t\t\t\t\t\t\t<a href=\"https:\/\/altenstadt-zahnarzt.de\/en\/team-member\/alexandra-muerbeth\/\" class=\"image-wrap overlay-none overlay-hover-black scale-zoomout orion_square\">\r\n\t\t\t\t\t\t\t\t\t\t\t\t\t\t\t<img decoding=\"async\" width=\"750\" height=\"750\" src=\"https:\/\/altenstadt-zahnarzt.de\/wp-content\/uploads\/2016\/10\/AlexandraMuerbeth-1-750x750.jpg\" class=\"attachment-orion_square size-orion_square wp-post-image\" alt=\"\" \/>\t\t\t\t\t\t\t\t<div class=\"overlay\"><\/div>\r\n\t\t\t\t\t\t\t\t\t\t\t\t\t<\/a>\r\n\t\t\t\t\t\t\t\t\t\t\t\r\n\t\t\t\t<\/header>\t\r\n\t\t\t<div class=\"entry-content vcard  no_bg_color no_border\">\r\n\t\t\t\t<div class=\"basic-info\">\r\n\t\t\t\t\t \r\n\t\t\t\t\t\t<div class=\"departments\">\t\r\n\t\t\t\t\t\t\t \r\n\t\t\t\t\t\t        \t\t\t\t\t\t        \t\t\t\t\t\t\t\t\t\t\r\n\t\t\t\t\t\t\t\t<a class=\"font-3 small category primary-hover primary-color\" href=\"https:\/\/altenstadt-zahnarzt.de\/en\/department\/verwaltung\/\">MANAGEMENT<\/a>\r\n\t\t\t\t\t\t        \t\t\t\t\t\t\t\t\t\t\t\t    <\/div>\t\r\n\t\t\t\t    \r\n\t\t\t\t    \t\t\t\t\t\t<a title=\"Alexandra M\u00fcrbeth\" class=\"primary-hover\" href=\"https:\/\/altenstadt-zahnarzt.de\/en\/team-member\/alexandra-muerbeth\/\"> <h2 class=\"item-title h5\"> Alexandra M\u00fcrbeth<\/h2>\r\n\t\t\t\t\t\t<\/a>\r\n\t\t\t\t\t\t\t\t\t\r\n\t\t\t\t\t\t\t\t\t\t\r\n\t\t\t\t\t\t\t\t\t<\/div> \r\n\r\n\t\t\t\t\t\r\n\t\t\t<\/div>\r\n\t\t<\/div>\r\n\t\t<\/article>\r\n\t\t\t\t\t\t\t<article class=\"item col-md-3 col-sm-6\">\r\n\t\t\t<div class=\"wrap\" style=\"background-color: transparent\">\r\n\t\t\t\t<header class=\"entry-header\" >\r\n\t\t\t\t\t\t\t\t\t\t\t\t\t\t\t\t<a href=\"https:\/\/altenstadt-zahnarzt.de\/en\/team-member\/stefanie-sauer\/\" class=\"image-wrap overlay-none overlay-hover-black scale-zoomout orion_square\">\r\n\t\t\t\t\t\t\t\t\t\t\t\t\t\t\t<img decoding=\"async\" width=\"750\" height=\"750\" src=\"https:\/\/altenstadt-zahnarzt.de\/wp-content\/uploads\/2016\/10\/StefanieSauer-1-750x750.jpg\" class=\"attachment-orion_square size-orion_square wp-post-image\" alt=\"\" \/>\t\t\t\t\t\t\t\t<div class=\"overlay\"><\/div>\r\n\t\t\t\t\t\t\t\t\t\t\t\t\t<\/a>\r\n\t\t\t\t\t\t\t\t\t\t\t\r\n\t\t\t\t<\/header>\t\r\n\t\t\t<div class=\"entry-content vcard  no_bg_color no_border\">\r\n\t\t\t\t<div class=\"basic-info\">\r\n\t\t\t\t\t \r\n\t\t\t\t\t\t<div class=\"departments\">\t\r\n\t\t\t\t\t\t\t \r\n\t\t\t\t\t\t        \t\t\t\t\t\t        \t\t\t\t\t\t\t\t\t\t\r\n\t\t\t\t\t\t\t\t<a class=\"font-3 small category primary-hover primary-color\" href=\"https:\/\/altenstadt-zahnarzt.de\/en\/department\/verwaltung\/\">MANAGEMENT<\/a>\r\n\t\t\t\t\t\t        \t\t\t\t\t\t\t\t\t\t\t\t    <\/div>\t\r\n\t\t\t\t    \r\n\t\t\t\t    \t\t\t\t\t\t<a title=\"Stefanie Kahley\" class=\"primary-hover\" href=\"https:\/\/altenstadt-zahnarzt.de\/en\/team-member\/stefanie-sauer\/\"> <h2 class=\"item-title h5\"> Stefanie Kahley<\/h2>\r\n\t\t\t\t\t\t<\/a>\r\n\t\t\t\t\t\t\t\t\t\r\n\t\t\t\t\t\t\t\t\t\t\r\n\t\t\t\t\t\t\t\t\t<\/div> \r\n\r\n\t\t\t\t\t\r\n\t\t\t<\/div>\r\n\t\t<\/div>\r\n\t\t<\/article>\r\n\t\t\t\t\t\t\t<article class=\"item col-md-3 col-sm-6\">\r\n\t\t\t<div class=\"wrap\" style=\"background-color: transparent\">\r\n\t\t\t\t<header class=\"entry-header\" >\r\n\t\t\t\t\t\t\t\t\t\t\t\t\t\t\t\t<a href=\"https:\/\/altenstadt-zahnarzt.de\/en\/team-member\/doris-zahn\/\" class=\"image-wrap overlay-none overlay-hover-black scale-zoomout orion_square\">\r\n\t\t\t\t\t\t\t\t\t\t\t\t\t\t\t<img decoding=\"async\" width=\"750\" height=\"750\" src=\"https:\/\/altenstadt-zahnarzt.de\/wp-content\/uploads\/2016\/11\/DorisZahn-750x750.jpg\" class=\"attachment-orion_square size-orion_square wp-post-image\" alt=\"\" \/>\t\t\t\t\t\t\t\t<div class=\"overlay\"><\/div>\r\n\t\t\t\t\t\t\t\t\t\t\t\t\t<\/a>\r\n\t\t\t\t\t\t\t\t\t\t\t\r\n\t\t\t\t<\/header>\t\r\n\t\t\t<div class=\"entry-content vcard  no_bg_color no_border\">\r\n\t\t\t\t<div class=\"basic-info\">\r\n\t\t\t\t\t \r\n\t\t\t\t\t\t<div class=\"departments\">\t\r\n\t\t\t\t\t\t\t \r\n\t\t\t\t\t\t        \t\t\t\t\t\t        \t\t\t\t\t\t\t\t\t\t\r\n\t\t\t\t\t\t\t\t<a class=\"font-3 small category primary-hover primary-color\" href=\"https:\/\/altenstadt-zahnarzt.de\/en\/department\/assistenz\/\">ASSISTANT<\/a>\r\n\t\t\t\t\t\t        \t\t\t\t\t\t\t\t\t\t\t\t    <\/div>\t\r\n\t\t\t\t    \r\n\t\t\t\t    \t\t\t\t\t\t<a title=\"Doris Zahn\" class=\"primary-hover\" href=\"https:\/\/altenstadt-zahnarzt.de\/en\/team-member\/doris-zahn\/\"> <h2 class=\"item-title h5\"> Doris Zahn<\/h2>\r\n\t\t\t\t\t\t<\/a>\r\n\t\t\t\t\t\t\t\t\t\r\n\t\t\t\t\t\t\t\t\t\t\r\n\t\t\t\t\t\t\t\t\t<\/div> \r\n\r\n\t\t\t\t\t\r\n\t\t\t<\/div>\r\n\t\t<\/div>\r\n\t\t<\/article>\r\n\t\t\t\t\t\t\t<article class=\"item col-md-3 col-sm-6\">\r\n\t\t\t<div class=\"wrap\" style=\"background-color: transparent\">\r\n\t\t\t\t<header class=\"entry-header\" >\r\n\t\t\t\t\t\t\t\t\t\t\t\t\t\t\t\t<a href=\"https:\/\/altenstadt-zahnarzt.de\/en\/team-member\/ilona-brucker\/\" class=\"image-wrap overlay-none overlay-hover-black scale-zoomout orion_square\">\r\n\t\t\t\t\t\t\t\t\t\t\t\t\t\t\t<img decoding=\"async\" width=\"750\" height=\"750\" src=\"https:\/\/altenstadt-zahnarzt.de\/wp-content\/uploads\/2017\/11\/IlonaBrucker-750x750.jpg\" class=\"attachment-orion_square size-orion_square wp-post-image\" alt=\"\" \/>\t\t\t\t\t\t\t\t<div class=\"overlay\"><\/div>\r\n\t\t\t\t\t\t\t\t\t\t\t\t\t<\/a>\r\n\t\t\t\t\t\t\t\t\t\t\t\r\n\t\t\t\t<\/header>\t\r\n\t\t\t<div class=\"entry-content vcard  no_bg_color no_border\">\r\n\t\t\t\t<div class=\"basic-info\">\r\n\t\t\t\t\t \r\n\t\t\t\t\t\t<div class=\"departments\">\t\r\n\t\t\t\t\t\t\t \r\n\t\t\t\t\t\t        \t\t\t\t\t\t        \t\t\t\t\t\t\t\t\t\t\r\n\t\t\t\t\t\t\t\t<a class=\"font-3 small category primary-hover primary-color\" href=\"https:\/\/altenstadt-zahnarzt.de\/en\/department\/rezeption\/\">Rezeption<\/a>\r\n\t\t\t\t\t\t        \t\t\t\t\t\t\t\t\t\t\t\t    <\/div>\t\r\n\t\t\t\t    \r\n\t\t\t\t    \t\t\t\t\t\t<a title=\"Ilona Brucker\" class=\"primary-hover\" href=\"https:\/\/altenstadt-zahnarzt.de\/en\/team-member\/ilona-brucker\/\"> <h2 class=\"item-title h5\"> Ilona Brucker<\/h2>\r\n\t\t\t\t\t\t<\/a>\r\n\t\t\t\t\t\t\t\t\t\r\n\t\t\t\t\t\t\t\t\t\t\r\n\t\t\t\t\t\t\t\t\t<\/div> \r\n\r\n\t\t\t\t\t\r\n\t\t\t<\/div>\r\n\t\t<\/div>\r\n\t\t<\/article>\r\n\t\t\t\t\t\t\t<article class=\"item col-md-3 col-sm-6\">\r\n\t\t\t<div class=\"wrap\" style=\"background-color: transparent\">\r\n\t\t\t\t<header class=\"entry-header\" >\r\n\t\t\t\t\t\t\t\t\t\t\t\t\t\t\t\t<a href=\"https:\/\/altenstadt-zahnarzt.de\/en\/team-member\/michaela-spachtholz\/\" class=\"image-wrap overlay-none overlay-hover-black scale-zoomout orion_square\">\r\n\t\t\t\t\t\t\t\t\t\t\t\t\t\t\t<img decoding=\"async\" width=\"750\" height=\"750\" src=\"https:\/\/altenstadt-zahnarzt.de\/wp-content\/uploads\/2022\/07\/MichaelaSpachtholz-750x750.jpg\" class=\"attachment-orion_square size-orion_square wp-post-image\" alt=\"\" \/>\t\t\t\t\t\t\t\t<div class=\"overlay\"><\/div>\r\n\t\t\t\t\t\t\t\t\t\t\t\t\t<\/a>\r\n\t\t\t\t\t\t\t\t\t\t\t\r\n\t\t\t\t<\/header>\t\r\n\t\t\t<div class=\"entry-content vcard  no_bg_color no_border\">\r\n\t\t\t\t<div class=\"basic-info\">\r\n\t\t\t\t\t \r\n\t\t\t\t\t\t<div class=\"departments\">\t\r\n\t\t\t\t\t\t\t \r\n\t\t\t\t\t\t        \t\t\t\t\t\t        \t\t\t\t\t\t\t\t\t\t\r\n\t\t\t\t\t\t\t\t<a class=\"font-3 small category primary-hover primary-color\" href=\"https:\/\/altenstadt-zahnarzt.de\/en\/department\/assistenz\/\">ASSISTANT<\/a>\r\n\t\t\t\t\t\t        \t\t\t\t\t\t\t\t\t\t\t\t    <\/div>\t\r\n\t\t\t\t    \r\n\t\t\t\t    \t\t\t\t\t\t<a title=\"Michaela Spachtholz\" class=\"primary-hover\" href=\"https:\/\/altenstadt-zahnarzt.de\/en\/team-member\/michaela-spachtholz\/\"> <h2 class=\"item-title h5\"> Michaela Spachtholz<\/h2>\r\n\t\t\t\t\t\t<\/a>\r\n\t\t\t\t\t\t\t\t\t\r\n\t\t\t\t\t\t\t\t\t\t\r\n\t\t\t\t\t\t\t\t\t<\/div> \r\n\r\n\t\t\t\t\t\r\n\t\t\t<\/div>\r\n\t\t<\/div>\r\n\t\t<\/article>\r\n\t\t\t\t\t\t\t<article class=\"item col-md-3 col-sm-6\">\r\n\t\t\t<div class=\"wrap\" style=\"background-color: transparent\">\r\n\t\t\t\t<header class=\"entry-header\" >\r\n\t\t\t\t\t\t\t\t\t\t\t\t\t\t\t\t<a href=\"https:\/\/altenstadt-zahnarzt.de\/en\/team-member\/nadine-bergmann\/\" class=\"image-wrap overlay-none overlay-hover-black scale-zoomout orion_square\">\r\n\t\t\t\t\t\t\t\t\t\t\t\t\t\t\t<img decoding=\"async\" width=\"750\" height=\"750\" src=\"https:\/\/altenstadt-zahnarzt.de\/wp-content\/uploads\/2023\/01\/DrMuerbeth-Portrait_09-2025-750x750.jpg\" class=\"attachment-orion_square size-orion_square wp-post-image\" alt=\"\" \/>\t\t\t\t\t\t\t\t<div class=\"overlay\"><\/div>\r\n\t\t\t\t\t\t\t\t\t\t\t\t\t<\/a>\r\n\t\t\t\t\t\t\t\t\t\t\t\r\n\t\t\t\t<\/header>\t\r\n\t\t\t<div class=\"entry-content vcard  no_bg_color no_border\">\r\n\t\t\t\t<div class=\"basic-info\">\r\n\t\t\t\t\t \r\n\t\t\t\t\t\t<div class=\"departments\">\t\r\n\t\t\t\t\t\t\t \r\n\t\t\t\t\t\t        \t\t\t\t\t\t        \t\t\t\t\t\t\t\t\t\t\r\n\t\t\t\t\t\t\t\t<a class=\"font-3 small category primary-hover primary-color\" href=\"https:\/\/altenstadt-zahnarzt.de\/en\/department\/assistenz\/\">ASSISTANT<\/a>\r\n\t\t\t\t\t\t        \t\t\t\t\t\t\t\t\t\t\t\t    <\/div>\t\r\n\t\t\t\t    \r\n\t\t\t\t    \t\t\t\t\t\t<a title=\"Nadine Bergmann\" class=\"primary-hover\" href=\"https:\/\/altenstadt-zahnarzt.de\/en\/team-member\/nadine-bergmann\/\"> <h2 class=\"item-title h5\"> Nadine Bergmann<\/h2>\r\n\t\t\t\t\t\t<\/a>\r\n\t\t\t\t\t\t\t\t\t\r\n\t\t\t\t\t\t\t\t\t\t\r\n\t\t\t\t\t\t\t\t\t<\/div> \r\n\r\n\t\t\t\t\t\r\n\t\t\t<\/div>\r\n\t\t<\/div>\r\n\t\t<\/article>\r\n\t\t\t\t\t\t\t<article class=\"item col-md-3 col-sm-6\">\r\n\t\t\t<div class=\"wrap\" style=\"background-color: transparent\">\r\n\t\t\t\t<header class=\"entry-header\" >\r\n\t\t\t\t\t\t\t\t\t\t\t\t\t\t\t\t<a href=\"https:\/\/altenstadt-zahnarzt.de\/en\/team-member\/laura-lehner\/\" class=\"image-wrap overlay-none overlay-hover-black scale-zoomout orion_square\">\r\n\t\t\t\t\t\t\t\t\t\t\t\t\t\t\t<img decoding=\"async\" width=\"750\" height=\"750\" src=\"https:\/\/altenstadt-zahnarzt.de\/wp-content\/uploads\/2023\/05\/LauraLehner-750x750.jpg\" class=\"attachment-orion_square size-orion_square wp-post-image\" alt=\"\" \/>\t\t\t\t\t\t\t\t<div class=\"overlay\"><\/div>\r\n\t\t\t\t\t\t\t\t\t\t\t\t\t<\/a>\r\n\t\t\t\t\t\t\t\t\t\t\t\r\n\t\t\t\t<\/header>\t\r\n\t\t\t<div class=\"entry-content vcard  no_bg_color no_border\">\r\n\t\t\t\t<div class=\"basic-info\">\r\n\t\t\t\t\t \r\n\t\t\t\t\t\t<div class=\"departments\">\t\r\n\t\t\t\t\t\t\t \r\n\t\t\t\t\t\t        \t\t\t\t\t\t        \t\t\t\t\t\t\t\t\t\t\r\n\t\t\t\t\t\t\t\t<a class=\"font-3 small category primary-hover primary-color\" href=\"https:\/\/altenstadt-zahnarzt.de\/en\/department\/assistenz\/\">ASSISTANT<\/a>\r\n\t\t\t\t\t\t        \t\t\t\t\t\t\t\t\t\t\t\t    <\/div>\t\r\n\t\t\t\t    \r\n\t\t\t\t    \t\t\t\t\t\t<a title=\"Laura Lehner\" class=\"primary-hover\" href=\"https:\/\/altenstadt-zahnarzt.de\/en\/team-member\/laura-lehner\/\"> <h2 class=\"item-title h5\"> Laura Lehner<\/h2>\r\n\t\t\t\t\t\t<\/a>\r\n\t\t\t\t\t\t\t\t\t\r\n\t\t\t\t\t\t\t\t\t\t\r\n\t\t\t\t\t\t\t\t\t<\/div> \r\n\r\n\t\t\t\t\t\r\n\t\t\t<\/div>\r\n\t\t<\/div>\r\n\t\t<\/article>\r\n\t\r\n\t\t\r\n\t<\/div>\r\n<\/div>\t\r\n<\/div><\/div><\/div><\/div><\/div><\/div><\/div>","protected":false},"excerpt":{"rendered":"<p>Our friendly team will introduce themselves and await you in the pleasant atmosphere of\nour practice. We will take the time we need for your treatment and make every effort to\nachieve optimal treatment results. All of our employees are trained and experienced.<\/p>","protected":false},"author":1,"featured_media":0,"parent":0,"menu_order":0,"comment_status":"closed","ping_status":"closed","template":"","meta":{"footnotes":""},"class_list":["post-2165","page","type-page","status-publish","hentry"],"yoast_head":"<!-- This site is optimized with the Yoast SEO plugin v27.3 - https:\/\/yoast.com\/product\/yoast-seo-wordpress\/ -->\n<title>Team - Altenstadt Zahnarzt<\/title>\n<meta name=\"robots\" content=\"index, follow, max-snippet:-1, max-image-preview:large, max-video-preview:-1\" \/>\n<link rel=\"canonical\" href=\"https:\/\/altenstadt-zahnarzt.de\/en\/team\/\" \/>\n<meta property=\"og:locale\" content=\"en_GB\" \/>\n<meta property=\"og:type\" content=\"article\" \/>\n<meta property=\"og:title\" content=\"Team - Altenstadt Zahnarzt\" \/>\n<meta property=\"og:description\" content=\"Unser freundliches Team stellt sich vor und erwartet Sie in angenehmer Praxisatmosph\u00e4re. Wir nehmen uns Zeit f\u00fcr Ihre Behandlung und geben uns in allen Bereichen gr\u00f6\u00dfte M\u00fche, ein optimales Behandlungsergebnis zu erzielen. Alle Mitarbeiter sind erfahren und fortgebildet.\" \/>\n<meta property=\"og:url\" content=\"https:\/\/altenstadt-zahnarzt.de\/en\/team\/\" \/>\n<meta property=\"og:site_name\" content=\"Altenstadt Zahnarzt\" \/>\n<meta property=\"article:modified_time\" content=\"2019-06-14T12:52:15+00:00\" \/>\n<meta name=\"twitter:card\" content=\"summary_large_image\" \/>\n<script type=\"application\/ld+json\" class=\"yoast-schema-graph\">{\"@context\":\"https:\\\/\\\/schema.org\",\"@graph\":[{\"@type\":\"WebPage\",\"@id\":\"https:\\\/\\\/altenstadt-zahnarzt.de\\\/de_de\\\/team\\\/\",\"url\":\"https:\\\/\\\/altenstadt-zahnarzt.de\\\/de_de\\\/team\\\/\",\"name\":\"Team - Altenstadt Zahnarzt\",\"isPartOf\":{\"@id\":\"https:\\\/\\\/altenstadt-zahnarzt.de\\\/de_de\\\/#website\"},\"datePublished\":\"2017-05-19T13:48:01+00:00\",\"dateModified\":\"2019-06-14T12:52:15+00:00\",\"breadcrumb\":{\"@id\":\"https:\\\/\\\/altenstadt-zahnarzt.de\\\/de_de\\\/team\\\/#breadcrumb\"},\"inLanguage\":\"en-GB\",\"potentialAction\":[{\"@type\":\"ReadAction\",\"target\":[\"https:\\\/\\\/altenstadt-zahnarzt.de\\\/de_de\\\/team\\\/\"]}]},{\"@type\":\"BreadcrumbList\",\"@id\":\"https:\\\/\\\/altenstadt-zahnarzt.de\\\/de_de\\\/team\\\/#breadcrumb\",\"itemListElement\":[{\"@type\":\"ListItem\",\"position\":1,\"name\":\"Startseite\",\"item\":\"https:\\\/\\\/altenstadt-zahnarzt.de\\\/\"},{\"@type\":\"ListItem\",\"position\":2,\"name\":\"Team\"}]},{\"@type\":\"WebSite\",\"@id\":\"https:\\\/\\\/altenstadt-zahnarzt.de\\\/de_de\\\/#website\",\"url\":\"https:\\\/\\\/altenstadt-zahnarzt.de\\\/de_de\\\/\",\"name\":\"Altenstadt Zahnarzt\",\"description\":\"Praxis M\u00fcrbeth\",\"potentialAction\":[{\"@type\":\"SearchAction\",\"target\":{\"@type\":\"EntryPoint\",\"urlTemplate\":\"https:\\\/\\\/altenstadt-zahnarzt.de\\\/de_de\\\/?s={search_term_string}\"},\"query-input\":{\"@type\":\"PropertyValueSpecification\",\"valueRequired\":true,\"valueName\":\"search_term_string\"}}],\"inLanguage\":\"en-GB\"}]}<\/script>\n<!-- \/ Yoast SEO plugin. -->","yoast_head_json":{"title":"Team - Altenstadt Zahnarzt","robots":{"index":"index","follow":"follow","max-snippet":"max-snippet:-1","max-image-preview":"max-image-preview:large","max-video-preview":"max-video-preview:-1"},"canonical":"https:\/\/altenstadt-zahnarzt.de\/en\/team\/","og_locale":"en_GB","og_type":"article","og_title":"Team - Altenstadt Zahnarzt","og_description":"Unser freundliches Team stellt sich vor und erwartet Sie in angenehmer Praxisatmosph\u00e4re. Wir nehmen uns Zeit f\u00fcr Ihre Behandlung und geben uns in allen Bereichen gr\u00f6\u00dfte M\u00fche, ein optimales Behandlungsergebnis zu erzielen. Alle Mitarbeiter sind erfahren und fortgebildet.","og_url":"https:\/\/altenstadt-zahnarzt.de\/en\/team\/","og_site_name":"Altenstadt Zahnarzt","article_modified_time":"2019-06-14T12:52:15+00:00","twitter_card":"summary_large_image","schema":{"@context":"https:\/\/schema.org","@graph":[{"@type":"WebPage","@id":"https:\/\/altenstadt-zahnarzt.de\/de_de\/team\/","url":"https:\/\/altenstadt-zahnarzt.de\/de_de\/team\/","name":"Team - Altenstadt Zahnarzt","isPartOf":{"@id":"https:\/\/altenstadt-zahnarzt.de\/de_de\/#website"},"datePublished":"2017-05-19T13:48:01+00:00","dateModified":"2019-06-14T12:52:15+00:00","breadcrumb":{"@id":"https:\/\/altenstadt-zahnarzt.de\/de_de\/team\/#breadcrumb"},"inLanguage":"en-GB","potentialAction":[{"@type":"ReadAction","target":["https:\/\/altenstadt-zahnarzt.de\/de_de\/team\/"]}]},{"@type":"BreadcrumbList","@id":"https:\/\/altenstadt-zahnarzt.de\/de_de\/team\/#breadcrumb","itemListElement":[{"@type":"ListItem","position":1,"name":"Startseite","item":"https:\/\/altenstadt-zahnarzt.de\/"},{"@type":"ListItem","position":2,"name":"Team"}]},{"@type":"WebSite","@id":"https:\/\/altenstadt-zahnarzt.de\/de_de\/#website","url":"https:\/\/altenstadt-zahnarzt.de\/de_de\/","name":"Altenstadt Zahnarzt","description":"Praxis M\u00fcrbeth","potentialAction":[{"@type":"SearchAction","target":{"@type":"EntryPoint","urlTemplate":"https:\/\/altenstadt-zahnarzt.de\/de_de\/?s={search_term_string}"},"query-input":{"@type":"PropertyValueSpecification","valueRequired":true,"valueName":"search_term_string"}}],"inLanguage":"en-GB"}]}},"_links":{"self":[{"href":"https:\/\/altenstadt-zahnarzt.de\/en\/wp-json\/wp\/v2\/pages\/2165","targetHints":{"allow":["GET"]}}],"collection":[{"href":"https:\/\/altenstadt-zahnarzt.de\/en\/wp-json\/wp\/v2\/pages"}],"about":[{"href":"https:\/\/altenstadt-zahnarzt.de\/en\/wp-json\/wp\/v2\/types\/page"}],"author":[{"embeddable":true,"href":"https:\/\/altenstadt-zahnarzt.de\/en\/wp-json\/wp\/v2\/users\/1"}],"replies":[{"embeddable":true,"href":"https:\/\/altenstadt-zahnarzt.de\/en\/wp-json\/wp\/v2\/comments?post=2165"}],"version-history":[{"count":0,"href":"https:\/\/altenstadt-zahnarzt.de\/en\/wp-json\/wp\/v2\/pages\/2165\/revisions"}],"wp:attachment":[{"href":"https:\/\/altenstadt-zahnarzt.de\/en\/wp-json\/wp\/v2\/media?parent=2165"}],"curies":[{"name":"wp","href":"https:\/\/api.w.org\/{rel}","templated":true}]}}