{"id":2032,"date":"2017-05-18T11:16:56","date_gmt":"2017-05-18T11:16:56","guid":{"rendered":"http:\/\/dentalia.orionthemes.com\/new-demos\/demo-1\/?page_id=2032"},"modified":"2023-09-27T15:57:59","modified_gmt":"2023-09-27T13:57:59","slug":"kontakt","status":"publish","type":"page","link":"https:\/\/altenstadt-zahnarzt.de\/de_de\/kontakt\/","title":{"rendered":"Kontakt"},"content":{"rendered":"<div id=\"pl-2032\"  class=\"panel-layout\" ><div id=\"pg-2032-0\"  class=\"panel-grid panel-has-style\" ><div class=\"vertical_down orion-parallax siteorigin-panels-stretch divider-no-animation tablet-default mobile-1-in-row desktop-default full-width-on-small-devices full-width-on-tablets panel-row-style panel-row-style-for-2032-0\" data-stretch-type=\"full\" ><div id=\"pgc-2032-0-0\"  class=\"panel-grid-cell panel-grid-cell-empty\" ><\/div><div id=\"pgc-2032-0-1\"  class=\"panel-grid-cell panel-grid-cell-mobile-last\" ><div class=\"overlay-c3 panel-cell-style panel-cell-style-for-2032-0-1\" ><div id=\"panel-2032-0-1-0\" class=\"so-panel widget widget_sow-editor panel-first-child panel-last-child\" data-index=\"0\" ><div class=\"orion text-light panel-widget-style panel-widget-style-for-2032-0-1-0\" ><div\n\t\t\t\n\t\t\tclass=\"so-widget-sow-editor so-widget-sow-editor-base\"\n\t\t\t\n\t\t>\n<div class=\"siteorigin-widget-tinymce textwidget\">\n\t<h1 style=\"text-align: center;\">Treten Sie mit uns in Kontakt<\/h1>\n<div style=\"text-align: center;\" data-canvas-width=\"419.2959999999999\">Wir freuen uns, wenn Sie mit unserer Praxis Kontakt aufnehmen. Bitte vereinbaren Sie - wenn m\u00f6glich \u2013 Termine telefonisch mit uns. Der E-Mail-Kontakt dient dem sonstigen Schriftverkehr und verz\u00f6gert die Terminvergabe. Sollten Sie einmal verhindert sein, bitten wir um Absage des Termins sp\u00e4testens 24 Stunden vorher, damit wir diesen Termin weiter vergeben k\u00f6nnen.<\/div>\n<\/div>\n<\/div><\/div><\/div><\/div><\/div><div id=\"pgc-2032-0-2\"  class=\"panel-grid-cell panel-grid-cell-empty\" ><\/div><\/div><\/div><div id=\"pg-2032-1\"  class=\"panel-grid panel-has-style\" ><div class=\"siteorigin-panels-stretch divider-no-animation tablet-2-in-row mobile-1-in-row desktop-default bg-o-cover-center panel-row-style panel-row-style-for-2032-1\" data-stretch-type=\"full\" ><div id=\"pgc-2032-1-0\"  class=\"panel-grid-cell\" ><div id=\"panel-2032-1-0-0\" class=\"so-panel widget widget_sow-google-map panel-first-child panel-last-child\" data-index=\"1\" ><div class=\"orion default panel-widget-style panel-widget-style-for-2032-1-0-0\" ><div\n\t\t\t\n\t\t\tclass=\"so-widget-sow-google-map so-widget-sow-google-map-default-6b23895f316e-2032\"\n\t\t\t\n\t\t>\n<div class=\"sow-google-map-canvas\"\n\tstyle=\"\"\n\tid=\"map-canvas-75e5104259113da91b64c36021241ea0\"\n\tdata-options=\"{&quot;address&quot;:&quot;49.71959, 12.156280000000038&quot;,&quot;zoom&quot;:14,&quot;mobileZoom&quot;:12,&quot;gestureHandling&quot;:&quot;greedy&quot;,&quot;disableUi&quot;:false,&quot;markerIcon&quot;:false,&quot;markersDraggable&quot;:false,&quot;markerAtCenter&quot;:true,&quot;markerInfoDisplay&quot;:&quot;click&quot;,&quot;markerInfoMultiple&quot;:true,&quot;markerPositions&quot;:false,&quot;mapName&quot;:false,&quot;mapStyles&quot;:false,&quot;directions&quot;:&quot;&quot;,&quot;apiKey&quot;:&quot;AIzaSyAdXzvLVk8GIgfJfeueImIVgz24XXlzRCE&quot;,&quot;breakpoint&quot;:780,&quot;id&quot;:&quot;6a04a6&quot;}\"\n\tdata-fallback-image=\"{&quot;img&quot;:&quot;&quot;}\"><\/div>\n<\/div><\/div><\/div><\/div><div id=\"pgc-2032-1-1\"  class=\"panel-grid-cell\" ><div id=\"panel-2032-1-1-0\" class=\"so-panel widget widget_orion_icon_text_w panel-first-child\" data-index=\"2\" ><div class=\"orion default panel-widget-style panel-widget-style-for-2032-1-1-0\" ><div\n\t\t\t\n\t\t\tclass=\"so-widget-orion_icon_text_w so-widget-orion_icon_text_w-base\"\n\t\t\t\n\t\t>\r\n<div class=\"row icon-box-items-wrap grid short\">\r\n \r\n\t\r\n\t\t\r\n\t\t\r\n\t\t\t\t\r\n\t\t\r\n\t\t<div class=\"icon-box-wrap clearfix col-lg-12 col-sm-12 text-dark\" style=\"margin-bottom:36px;\">\t\t\r\n\r\n\t\t\t<a class=\"title-link\" target=\"_blank\" href=\"https:\/\/www.zbv-oberpfalz.de\/zahnaerztlicher-notdienst\"><h4 class=\"item-title h6\">Hier Klicken<\/h4><\/a>\t\t\t\t\t\t\t<a href=\"https:\/\/www.zbv-oberpfalz.de\/zahnaerztlicher-notdienst\" target=\"_blank\" class=\"icon-wrap absolute square\">\r\n\t\t\t\t\t<span class=\"sow-icon-dentalicons2\" data-sow-icon=\"&#xe926;\"\n\t\tstyle=\"color: #fff; background-color: #ff9400\" \n\t\taria-hidden=\"true\"><\/span>\t\t\t\t\t\t\t\t\t<\/a>\r\n\t\t\t\r\n\t\t\t\t\t\t\r\n\r\n\t\t\t\t\t\t<span class=\"description\">Notfalldienst<\/span>\r\n\t\t\t\r\n\t\t<\/div>\r\n\t\r\n\t\t\r\n\t\t\r\n\t\t\t\t\r\n\t\t\r\n\t\t<div class=\"icon-box-wrap clearfix col-lg-12 col-sm-12 text-dark\" style=\"margin-bottom:36px;\">\t\t\r\n\r\n\t\t\t<h4 class=\"item-title h6\">Rufen Sie uns an unter:<\/h4>\t\t\t\t\t\t\t<div class=\"icon-wrap absolute square\">\r\n\t\t\t\t\t<span class=\"sow-icon-icomoon\" data-sow-icon=\"&#xe942;\"\n\t\tstyle=\"color: #fff; background-color: #ff9400\" \n\t\taria-hidden=\"true\"><\/span>\t\t\t\t\t\t\t\t\t<\/div>\r\n\t\t\t\r\n\t\t\t\t\t\t\r\n\r\n\t\t\t\t\t\t<span class=\"description\">09602 636 663<\/span>\r\n\t\t\t\r\n\t\t<\/div>\r\n\t\r\n\t\t\r\n\t\t\r\n\t\t\t\t\r\n\t\t\r\n\t\t<div class=\"icon-box-wrap clearfix col-lg-12 col-sm-12 text-dark\" style=\"margin-bottom:36px;\">\t\t\r\n\r\n\t\t\t<h4 class=\"item-title h6\">Schreiben Sie uns<\/h4>\t\t\t\t\t\t\t<div class=\"icon-wrap absolute square\">\r\n\t\t\t\t\t<span class=\"sow-icon-fontawesome sow-fas\" data-sow-icon=\"&#xf0e0;\"\n\t\tstyle=\"color: #fff; background-color: #ff9400\" \n\t\taria-hidden=\"true\"><\/span>\t\t\t\t\t\t\t\t\t<\/div>\r\n\t\t\t\r\n\t\t\t\t\t\t\r\n\r\n\t\t\t\t\t\t<span class=\"description\">info@altenstadt-zahnarzt.de<\/span>\r\n\t\t\t\r\n\t\t<\/div>\r\n\t\r\n<\/div><\/div><\/div><\/div><div id=\"panel-2032-1-1-1\" class=\"so-panel widget widget_sow-editor panel-last-child\" data-index=\"3\" ><div class=\"orion mobile-text-center tablets-text-center remove-margin-mobile default panel-widget-style panel-widget-style-for-2032-1-1-1\" ><div\n\t\t\t\n\t\t\tclass=\"so-widget-sow-editor so-widget-sow-editor-base\"\n\t\t\t\n\t\t><h3 class=\"widget-title\">F\u00fcr Neupatienten<\/h3>\n<div class=\"siteorigin-widget-tinymce textwidget\">\n\t<p>&nbsp;<\/p>\n<div class=\"col-md-12 entry-header\"><\/div>\n<div class=\"col-md-12\"><a class=\"btn-download icon-right btn btn-c2 btn-flat\" href=\"https:\/\/altenstadt-zahnarzt.de\/wp-content\/uploads\/2016\/10\/2018-03-13_anamnesebogen_muerbeth.pdf\" download=\"2018-03-13_anamnesebogen_muerbeth.pdf\">Anamnesebogen download<\/a>&nbsp;\n<\/div>\n<\/div>\n<\/div><\/div><\/div><\/div><\/div><\/div><div id=\"pg-2032-2\"  class=\"panel-grid panel-has-style\" ><div class=\"siteorigin-panels-stretch divider-no-animation tablet-2-in-row mobile-1-in-row desktop-default bg-o-cover-center panel-row-style panel-row-style-for-2032-2\" data-stretch-type=\"full\" ><div id=\"pgc-2032-2-0\"  class=\"panel-grid-cell panel-grid-cell-empty\" ><\/div><div id=\"pgc-2032-2-1\"  class=\"panel-grid-cell panel-grid-cell-mobile-last\" ><div id=\"panel-2032-2-1-0\" class=\"so-panel widget widget_orion_working_hours_w panel-first-child panel-last-child\" data-index=\"4\" ><div class=\"orion custom default panel-widget-style panel-widget-style-for-2032-2-1-0\" ><div\n\t\t\t\n\t\t\tclass=\"so-widget-orion_working_hours_w so-widget-orion_working_hours_w-base\"\n\t\t\t\n\t\t><div class=\"row working-hours-wrap text-default\">\r\n\t\t\t<div class=\"col-md-12 entry-header\">\r\n\t\t\t<h3 class=\"widget-title\">\u00d6ffnungszeiten<\/h3>\r\n\t\t<\/div>\r\n\t\t\r\n\t\t<div class=\"content-wrap col-xs-12\" style=\"background:transparent\">\r\n\t\t\r\n\t\t\t\r\n\t\t\t\t\r\n\t\t\t\t\t\t\t\t<div class=\"row working-day\">\r\n\t\t\t\t\t<div class=\"col-xs-6 day \" > \r\n\t\t\t\t\t\tMontag\t\t\t\t\t<\/div>\r\n\t\t\t\t\t<div class=\"col-xs-6 hours text-right \" > \r\n\t\t\t\t\t\t8:00 - 18:00\t\t\t\t\t<\/div>\r\n\t\t\t\t\t\t\t\t\t<\/div>\t\t\r\n\t\t\t\t\t\t\t\t\r\n\t\t\t\t\r\n\t\t\t\t\t\t\t\t<div class=\"row working-day\">\r\n\t\t\t\t\t<div class=\"col-xs-6 day \" > \r\n\t\t\t\t\t\tDienstag\t\t\t\t\t<\/div>\r\n\t\t\t\t\t<div class=\"col-xs-6 hours text-right \" > \r\n\t\t\t\t\t\t8:00 - 18:00\t\t\t\t\t<\/div>\r\n\t\t\t\t\t\t\t\t\t<\/div>\t\t\r\n\t\t\t\t\t\t\t\t\r\n\t\t\t\t\r\n\t\t\t\t\t\t\t\t<div class=\"row working-day\">\r\n\t\t\t\t\t<div class=\"col-xs-6 day current-day primary-color\" > \r\n\t\t\t\t\t\tMittwoch\t\t\t\t\t<\/div>\r\n\t\t\t\t\t<div class=\"col-xs-6 hours text-right current-day primary-color\" > \r\n\t\t\t\t\t\t8:00 - 12:30\t\t\t\t\t<\/div>\r\n\t\t\t\t\t\t\t\t\t<\/div>\t\t\r\n\t\t\t\t\t\t\t\t\r\n\t\t\t\t\r\n\t\t\t\t\t\t\t\t<div class=\"row working-day\">\r\n\t\t\t\t\t<div class=\"col-xs-6 day \" > \r\n\t\t\t\t\t\tDonnerstag\t\t\t\t\t<\/div>\r\n\t\t\t\t\t<div class=\"col-xs-6 hours text-right \" > \r\n\t\t\t\t\t\t8:00 - 18:00\t\t\t\t\t<\/div>\r\n\t\t\t\t\t\t\t\t\t<\/div>\t\t\r\n\t\t\t\t\t\t\t\t\r\n\t\t\t\t\r\n\t\t\t\t\t\t\t\t<div class=\"row working-day\">\r\n\t\t\t\t\t<div class=\"col-xs-6 day \" > \r\n\t\t\t\t\t\tFreitag\t\t\t\t\t<\/div>\r\n\t\t\t\t\t<div class=\"col-xs-6 hours text-right \" > \r\n\t\t\t\t\t\t8:00 - 12:30\t\t\t\t\t<\/div>\r\n\t\t\t\t\t\t\t\t\t<\/div>\t\t\r\n\t\t\t\t\t\t\t\t\r\n\t\t\t\t\r\n\t\t\t\t\t\t\t\t<div class=\"row working-day\">\r\n\t\t\t\t\t<div class=\"col-xs-6 day \" > \r\n\t\t\t\t\t\tSamstag\t\t\t\t\t<\/div>\r\n\t\t\t\t\t<div class=\"col-xs-6 hours text-right \" > \r\n\t\t\t\t\t\tgeschlossen\t\t\t\t\t<\/div>\r\n\t\t\t\t\t\t\t\t\t<\/div>\t\t\r\n\t\t\t\t\t\t\t\t\r\n\t\t\t\t\r\n\t\t\t\t\t\t\t\t<div class=\"row working-day\">\r\n\t\t\t\t\t<div class=\"col-xs-6 day \" > \r\n\t\t\t\t\t\tSonntag \t\t\t\t\t<\/div>\r\n\t\t\t\t\t<div class=\"col-xs-6 hours text-right \" > \r\n\t\t\t\t\t\tgeschlossen\t\t\t\t\t<\/div>\r\n\t\t\t\t\t\t\t\t\t<\/div>\t\t\r\n\t\t\t\t\t\t\t\t\r\n\t\t\t\t\r\n\t\t\t\t\t\t\t\t<div class=\"row working-day\">\r\n\t\t\t\t\t<div class=\"col-xs-6 day \" > \r\n\t\t\t\t\t\tMittagspause\t\t\t\t\t<\/div>\r\n\t\t\t\t\t<div class=\"col-xs-6 hours text-right \" > \r\n\t\t\t\t\t\t12:30 - 14:00 Uhr\t\t\t\t\t<\/div>\r\n\t\t\t\t\t\t\t\t\t<\/div>\t\t\r\n\t\t\t\t\t\t\t\t<\/div>\r\n\t\t\r\n<\/div><\/div><\/div><\/div><\/div><div id=\"pgc-2032-2-2\"  class=\"panel-grid-cell panel-grid-cell-empty\" ><\/div><\/div><\/div><div id=\"pg-2032-3\"  class=\"panel-grid panel-has-style\" ><div class=\"siteorigin-panels-stretch divider-no-animation tablet-1-in-row mobile-1-in-row desktop-default overlay-c3 panel-row-style panel-row-style-for-2032-3\" data-stretch-type=\"full\" ><div id=\"pgc-2032-3-0\"  class=\"panel-grid-cell panel-grid-cell-empty\" ><\/div><div id=\"pgc-2032-3-1\"  class=\"panel-grid-cell panel-grid-cell-mobile-last\" ><div id=\"panel-2032-3-1-0\" class=\"so-panel widget widget_sow-editor panel-first-child\" data-index=\"5\" ><div class=\"orion text-light panel-widget-style panel-widget-style-for-2032-3-1-0\" ><div\n\t\t\t\n\t\t\tclass=\"so-widget-sow-editor so-widget-sow-editor-base\"\n\t\t\t\n\t\t>\n<div class=\"siteorigin-widget-tinymce textwidget\">\n\t<h2 style=\"text-align: center;\"><strong>Eine Anfrage schicken!<\/strong><\/h2>\n<p class=\"lead\" style=\"text-align: center;\">Nutzen Sie unser Kontaktformular.<\/p>\n<\/div>\n<\/div><\/div><\/div><div id=\"panel-2032-3-1-1\" class=\"so-panel widget widget_sow-editor panel-last-child\" data-index=\"6\" ><div class=\"orion default shadow-2 panel-widget-style panel-widget-style-for-2032-3-1-1\" style=\"background-color: #fff;\" ><div\n\t\t\t\n\t\t\tclass=\"so-widget-sow-editor so-widget-sow-editor-base\"\n\t\t\t\n\t\t>\n<div class=\"siteorigin-widget-tinymce textwidget\">\n\t<div class=\"screen-reader-response\"><\/div>\n<form action=\"\/wp-admin\/post.php#wpcf7-f471-o2\" method=\"post\" class=\"wpcf7-form\" novalidate=\"novalidate\">\n<div style=\"display: none;\">\n<input type=\"hidden\" name=\"_wpcf7\" value=\"471\"><br \/>\n<input type=\"hidden\" name=\"_wpcf7_version\" value=\"4.9\"><br \/>\n<input type=\"hidden\" name=\"_wpcf7_locale\" value=\"en_US\"><br \/>\n<input type=\"hidden\" name=\"_wpcf7_unit_tag\" value=\"wpcf7-f471-o2\"><br \/>\n<input type=\"hidden\" name=\"_wpcf7_container_post\" value=\"0\">\n<\/div>\n<div class=\"cf7-form row\">\n<div class=\"col-md-6 name\"><span class=\"wpcf7-form-control-wrap text-name\"><input type=\"text\" name=\"text-name\" value=\"\" size=\"40\" class=\"wpcf7-form-control wpcf7-text wpcf7-validates-as-required\" aria-required=\"true\" aria-invalid=\"false\" placeholder=\"Vorname\"><\/span><\/div>\n<div class=\"col-md-6 name\"><span class=\"wpcf7-form-control-wrap text-last-name\"><input type=\"text\" name=\"text-last-name\" value=\"\" size=\"40\" class=\"wpcf7-form-control wpcf7-text wpcf7-validates-as-required\" aria-required=\"true\" aria-invalid=\"false\" placeholder=\"Nachname\"><\/span><\/div>\n<div class=\"col-md-6 phone\"><span class=\"wpcf7-form-control-wrap text-phone\"><input type=\"text\" name=\"text-phone\" value=\"\" size=\"40\" class=\"wpcf7-form-control wpcf7-text wpcf7-validates-as-required\" aria-required=\"true\" aria-invalid=\"false\" placeholder=\"Telefonnummer\"><\/span><\/div>\n<div class=\"col-md-6 email\"><span class=\"wpcf7-form-control-wrap email-777\"><input type=\"email\" name=\"email-777\" value=\"\" size=\"40\" class=\"wpcf7-form-control wpcf7-text wpcf7-email wpcf7-validates-as-required wpcf7-validates-as-email\" aria-required=\"true\" aria-invalid=\"false\" placeholder=\"E-mail\"><\/span><\/div>\n<div class=\"col-md-12 select\"><span class=\"wpcf7-form-control-wrap menu-reason\"><select name=\"menu-reason\" class=\"wpcf7-form-control wpcf7-select form-control\" aria-invalid=\"false\"><option value=\"Grund Ihres Besuchs\">Grund Ihres Besuchs<\/option><option value=\"Routine Untersuchung\">Routine Untersuchung<\/option><option value=\"Beratung\">Beratung<\/option><option value=\"Schmerzen\">Schmerzen<\/option><option value=\"Zahnpflege\">Zahnpflege<\/option><option value=\"Anderer Grund\">Anderer Grund<\/option><\/select><\/span><\/div>\n<div class=\"col-md-6 date\"><span class=\"wpcf7-form-control-wrap date-667\"><input type=\"date\" name=\"date-667\" value=\"\" class=\"wpcf7-form-control wpcf7-date wpcf7-validates-as-date\" aria-invalid=\"false\"><\/span><\/div>\n<div class=\"col-md-6 time\"><span class=\"wpcf7-form-control-wrap menu-time\"><select name=\"menu-time\" class=\"wpcf7-form-control wpcf7-select form-control\" aria-invalid=\"false\"><option value=\"Jeder Zeit\">Jeder Zeit<\/option><option value=\"Vormittags\">Vormittags<\/option><option value=\"Nachmittags\">Nachmittags<\/option><\/select><\/span><\/div>\n<div class=\"col-md-12\"><span class=\"wpcf7-form-control-wrap textarea-notes\"><textarea name=\"textarea-notes\" cols=\"40\" rows=\"10\" class=\"wpcf7-form-control wpcf7-textarea\" aria-invalid=\"false\" placeholder=\"Notiz f\u00fcr den Arzt\"><\/textarea><\/span><\/div>\n<div class=\"col-md-12 text-center\"><input type=\"submit\" value=\"Anfrage senden\" class=\"wpcf7-form-control wpcf7-submit btn btn-c1 btn-lg\"><\/div>\n<p><span class=\"wpcf7-form-control-wrap acceptance-42\"><input type=\"checkbox\" name=\"acceptance-42\" value=\"1\" class=\"wpcf7-form-control wpcf7-acceptance\" aria-invalid=\"false\"><\/span> Mit der Nutzung dieses Formulars erkl\u00e4ren Sie sich mit der Speicherung und Verarbeitung Ihrer Daten durch diese Webseite einverstanden. *<\/p>\n<\/div>\n<div class=\"wpcf7-response-output wpcf7-display-none\"><\/div>\n<\/form>\n<\/div>\n<\/div><\/div><\/div><\/div><div id=\"pgc-2032-3-2\"  class=\"panel-grid-cell panel-grid-cell-empty\" ><\/div><\/div><\/div><\/div>","protected":false},"excerpt":{"rendered":"<p>Treten Sie mit uns in Kontakt Wir freuen uns, wenn Sie mit unserer Praxis Kontakt aufnehmen. Bitte vereinbaren Sie &#8211; wenn m\u00f6glich \u2013 Termine telefonisch mit uns. Der E-Mail-Kontakt dient dem sonstigen Schriftverkehr und verz\u00f6gert die Terminvergabe. Sollten Sie einmal verhindert sein, bitten wir um Absage des Termins sp\u00e4testens 24 Stunden vorher, damit wir diesen<\/p>\n","protected":false},"author":1,"featured_media":0,"parent":0,"menu_order":0,"comment_status":"closed","ping_status":"closed","template":"","meta":{"footnotes":""},"class_list":["post-2032","page","type-page","status-publish","hentry"],"yoast_head":"<!-- This site is optimized with the Yoast SEO plugin v27.3 - https:\/\/yoast.com\/product\/yoast-seo-wordpress\/ -->\n<title>Kontakt - Altenstadt Zahnarzt<\/title>\n<meta name=\"robots\" content=\"index, follow, max-snippet:-1, max-image-preview:large, max-video-preview:-1\" \/>\n<link rel=\"canonical\" href=\"https:\/\/altenstadt-zahnarzt.de\/de_de\/kontakt\/\" \/>\n<meta property=\"og:locale\" content=\"de_DE\" \/>\n<meta property=\"og:type\" content=\"article\" \/>\n<meta property=\"og:title\" content=\"Kontakt - Altenstadt Zahnarzt\" \/>\n<meta property=\"og:description\" content=\"Treten Sie mit uns in Kontakt Wir freuen uns, wenn Sie mit unserer Praxis Kontakt aufnehmen. Bitte vereinbaren Sie - wenn m\u00f6glich \u2013 Termine telefonisch mit uns. Der E-Mail-Kontakt dient dem sonstigen Schriftverkehr und verz\u00f6gert die Terminvergabe. Sollten Sie einmal verhindert sein, bitten wir um Absage des Termins sp\u00e4testens 24 Stunden vorher, damit wir diesen\" \/>\n<meta property=\"og:url\" content=\"https:\/\/altenstadt-zahnarzt.de\/de_de\/kontakt\/\" \/>\n<meta property=\"og:site_name\" content=\"Altenstadt Zahnarzt\" \/>\n<meta property=\"article:modified_time\" content=\"2023-09-27T13:57:59+00:00\" \/>\n<meta name=\"twitter:card\" content=\"summary_large_image\" \/>\n<meta name=\"twitter:label1\" content=\"Gesch\u00e4tzte Lesezeit\" \/>\n\t<meta name=\"twitter:data1\" content=\"1\u00a0Minute\" \/>\n<script type=\"application\/ld+json\" class=\"yoast-schema-graph\">{\"@context\":\"https:\\\/\\\/schema.org\",\"@graph\":[{\"@type\":\"WebPage\",\"@id\":\"https:\\\/\\\/altenstadt-zahnarzt.de\\\/kontakt\\\/\",\"url\":\"https:\\\/\\\/altenstadt-zahnarzt.de\\\/kontakt\\\/\",\"name\":\"Kontakt - Altenstadt Zahnarzt\",\"isPartOf\":{\"@id\":\"https:\\\/\\\/altenstadt-zahnarzt.de\\\/de_de\\\/#website\"},\"datePublished\":\"2017-05-18T11:16:56+00:00\",\"dateModified\":\"2023-09-27T13:57:59+00:00\",\"breadcrumb\":{\"@id\":\"https:\\\/\\\/altenstadt-zahnarzt.de\\\/kontakt\\\/#breadcrumb\"},\"inLanguage\":\"de\",\"potentialAction\":[{\"@type\":\"ReadAction\",\"target\":[\"https:\\\/\\\/altenstadt-zahnarzt.de\\\/kontakt\\\/\"]}]},{\"@type\":\"BreadcrumbList\",\"@id\":\"https:\\\/\\\/altenstadt-zahnarzt.de\\\/kontakt\\\/#breadcrumb\",\"itemListElement\":[{\"@type\":\"ListItem\",\"position\":1,\"name\":\"Startseite\",\"item\":\"https:\\\/\\\/altenstadt-zahnarzt.de\\\/\"},{\"@type\":\"ListItem\",\"position\":2,\"name\":\"Kontakt\"}]},{\"@type\":\"WebSite\",\"@id\":\"https:\\\/\\\/altenstadt-zahnarzt.de\\\/de_de\\\/#website\",\"url\":\"https:\\\/\\\/altenstadt-zahnarzt.de\\\/de_de\\\/\",\"name\":\"Altenstadt Zahnarzt\",\"description\":\"Praxis M\u00fcrbeth\",\"potentialAction\":[{\"@type\":\"SearchAction\",\"target\":{\"@type\":\"EntryPoint\",\"urlTemplate\":\"https:\\\/\\\/altenstadt-zahnarzt.de\\\/de_de\\\/?s={search_term_string}\"},\"query-input\":{\"@type\":\"PropertyValueSpecification\",\"valueRequired\":true,\"valueName\":\"search_term_string\"}}],\"inLanguage\":\"de\"}]}<\/script>\n<!-- \/ Yoast SEO plugin. -->","yoast_head_json":{"title":"Kontakt - Altenstadt Zahnarzt","robots":{"index":"index","follow":"follow","max-snippet":"max-snippet:-1","max-image-preview":"max-image-preview:large","max-video-preview":"max-video-preview:-1"},"canonical":"https:\/\/altenstadt-zahnarzt.de\/de_de\/kontakt\/","og_locale":"de_DE","og_type":"article","og_title":"Kontakt - Altenstadt Zahnarzt","og_description":"Treten Sie mit uns in Kontakt Wir freuen uns, wenn Sie mit unserer Praxis Kontakt aufnehmen. Bitte vereinbaren Sie - wenn m\u00f6glich \u2013 Termine telefonisch mit uns. Der E-Mail-Kontakt dient dem sonstigen Schriftverkehr und verz\u00f6gert die Terminvergabe. Sollten Sie einmal verhindert sein, bitten wir um Absage des Termins sp\u00e4testens 24 Stunden vorher, damit wir diesen","og_url":"https:\/\/altenstadt-zahnarzt.de\/de_de\/kontakt\/","og_site_name":"Altenstadt Zahnarzt","article_modified_time":"2023-09-27T13:57:59+00:00","twitter_card":"summary_large_image","twitter_misc":{"Gesch\u00e4tzte Lesezeit":"1\u00a0Minute"},"schema":{"@context":"https:\/\/schema.org","@graph":[{"@type":"WebPage","@id":"https:\/\/altenstadt-zahnarzt.de\/kontakt\/","url":"https:\/\/altenstadt-zahnarzt.de\/kontakt\/","name":"Kontakt - Altenstadt Zahnarzt","isPartOf":{"@id":"https:\/\/altenstadt-zahnarzt.de\/de_de\/#website"},"datePublished":"2017-05-18T11:16:56+00:00","dateModified":"2023-09-27T13:57:59+00:00","breadcrumb":{"@id":"https:\/\/altenstadt-zahnarzt.de\/kontakt\/#breadcrumb"},"inLanguage":"de","potentialAction":[{"@type":"ReadAction","target":["https:\/\/altenstadt-zahnarzt.de\/kontakt\/"]}]},{"@type":"BreadcrumbList","@id":"https:\/\/altenstadt-zahnarzt.de\/kontakt\/#breadcrumb","itemListElement":[{"@type":"ListItem","position":1,"name":"Startseite","item":"https:\/\/altenstadt-zahnarzt.de\/"},{"@type":"ListItem","position":2,"name":"Kontakt"}]},{"@type":"WebSite","@id":"https:\/\/altenstadt-zahnarzt.de\/de_de\/#website","url":"https:\/\/altenstadt-zahnarzt.de\/de_de\/","name":"Altenstadt Zahnarzt","description":"Praxis M\u00fcrbeth","potentialAction":[{"@type":"SearchAction","target":{"@type":"EntryPoint","urlTemplate":"https:\/\/altenstadt-zahnarzt.de\/de_de\/?s={search_term_string}"},"query-input":{"@type":"PropertyValueSpecification","valueRequired":true,"valueName":"search_term_string"}}],"inLanguage":"de"}]}},"_links":{"self":[{"href":"https:\/\/altenstadt-zahnarzt.de\/de_de\/wp-json\/wp\/v2\/pages\/2032","targetHints":{"allow":["GET"]}}],"collection":[{"href":"https:\/\/altenstadt-zahnarzt.de\/de_de\/wp-json\/wp\/v2\/pages"}],"about":[{"href":"https:\/\/altenstadt-zahnarzt.de\/de_de\/wp-json\/wp\/v2\/types\/page"}],"author":[{"embeddable":true,"href":"https:\/\/altenstadt-zahnarzt.de\/de_de\/wp-json\/wp\/v2\/users\/1"}],"replies":[{"embeddable":true,"href":"https:\/\/altenstadt-zahnarzt.de\/de_de\/wp-json\/wp\/v2\/comments?post=2032"}],"version-history":[{"count":0,"href":"https:\/\/altenstadt-zahnarzt.de\/de_de\/wp-json\/wp\/v2\/pages\/2032\/revisions"}],"wp:attachment":[{"href":"https:\/\/altenstadt-zahnarzt.de\/de_de\/wp-json\/wp\/v2\/media?parent=2032"}],"curies":[{"name":"wp","href":"https:\/\/api.w.org\/{rel}","templated":true}]}}